{"id":23,"date":"2013-06-05T02:22:17","date_gmt":"2013-06-05T02:22:17","guid":{"rendered":"http:\/\/drjesse.com\/?page_id=23"},"modified":"2015-02-04T19:12:10","modified_gmt":"2015-02-04T19:12:10","slug":"textbooks","status":"publish","type":"page","link":"https:\/\/drjesse.com\/index.php\/textbooks\/","title":{"rendered":"Clinical Textbooks"},"content":{"rendered":"<p><strong><a href=\"https:\/\/drjesse.com\/wp-content\/uploads\/2013\/06\/clinical-textbooks-slide1.jpg\"><img loading=\"lazy\" decoding=\"async\" class=\"alignnone size-full wp-image-130\" src=\"https:\/\/drjesse.com\/wp-content\/uploads\/2013\/06\/clinical-textbooks-slide1.jpg\" alt=\"clinical-textbooks-slide\" width=\"1024\" height=\"311\" srcset=\"https:\/\/drjesse.com\/wp-content\/uploads\/2013\/06\/clinical-textbooks-slide1.jpg 1024w, https:\/\/drjesse.com\/wp-content\/uploads\/2013\/06\/clinical-textbooks-slide1-150x45.jpg 150w, https:\/\/drjesse.com\/wp-content\/uploads\/2013\/06\/clinical-textbooks-slide1-300x91.jpg 300w\" sizes=\"(max-width: 1024px) 100vw, 1024px\" \/><\/a><\/strong><\/p>\n<h3><strong>Why Write Textbooks in the Digital Age?<\/strong><\/h3>\n<p>Although textbooks and the publishing industry have undergone a rapid transformation in the past decade, there is still a need for concise and accurate information that clinicians can rely on when making decisions about how to care for the patients in front of them.<\/p>\n<p>Dr. Jesse Ehrenfeld has contributed to the medical speciality of anesthesiology by editing and authoring several textbooks, some of which are shown above. These clinical guides range from handbooks used by front-line clinicians in the operating room, to introductory texts for medical and nursing students.<\/p>\n<h3><strong>Global Impact<\/strong><\/h3>\n<p>The textbooks written by Dr. Ehrenfeld have been translated into multiple languages, and are used daily by thousands of clinicians as they provide care, teach the next generation of anesthesiologists, and perform clinical research. They continue to remain on the best seller lists in several countries, and are among the most widely read within the field of anesthesiology.<\/p>\n<h3><strong>Books Written by Dr. Ehrenfeld:<\/strong><\/h3>\n<hr size=\"1\" \/>\n<table border=\"0\" width=\"100%\" cellspacing=\"0\" cellpadding=\"5\">\n<tbody>\n<tr>\n<td valign=\"top\" width=\"15%\"><a href=\"https:\/\/drjesse.com\/wp-content\/uploads\/2013\/06\/pocket-anesthesia-small1.jpg\"><img loading=\"lazy\" decoding=\"async\" class=\"alignnone size-full wp-image-267\" src=\"https:\/\/drjesse.com\/wp-content\/uploads\/2013\/06\/pocket-anesthesia-small1.jpg\" alt=\"pocket-anesthesia-small\" width=\"100\" height=\"136\" \/><\/a><\/td>\n<td valign=\"top\" width=\"85%\"><a href=\"http:\/\/www.amazon.com\/Pocket-Anesthesia-Notebook-Richard-Urman\/dp\/1451173245\/ref=la_B002FZBAKC_1_1?ie=UTF8&amp;qid=1355636421&amp;sr=1-1\" target=\"_blank\">Pocket Anesthesia<\/a>Designed for easy transport &amp; quick reference, presents essential info concisely<\/td>\n<\/tr>\n<\/tbody>\n<\/table>\n<hr size=\"1\" \/>\n<table border=\"0\" width=\"100%\" cellspacing=\"0\" cellpadding=\"5\">\n<tbody>\n<tr>\n<td valign=\"top\" width=\"15%\"><a href=\"https:\/\/drjesse.com\/wp-content\/uploads\/2013\/06\/non-traditional-careers-small.jpg\"><img loading=\"lazy\" decoding=\"async\" class=\"alignnone size-full wp-image-205\" src=\"https:\/\/drjesse.com\/wp-content\/uploads\/2013\/06\/non-traditional-careers-small.jpg\" alt=\"non-traditional-careers-small\" width=\"100\" height=\"136\" \/><\/a><\/td>\n<td valign=\"top\" width=\"85%\"><a href=\"http:\/\/www.amazon.com\/Physicians-Pathways-Non-Traditional-Leadership-Opportunities\/dp\/1461405505\/ref=sr_1_2?s=books&amp;ie=UTF8&amp;qid=1321552146&amp;sr=1-2\" target=\"_blank\">Physicians Pathways to Non-Traditional Careers and Leadership Opportunities<\/a>Written for physicians considering how to enhance their professional fulfillment<\/td>\n<\/tr>\n<\/tbody>\n<\/table>\n<hr size=\"1\" \/>\n<table border=\"0\" width=\"100%\" cellspacing=\"0\" cellpadding=\"5\">\n<tbody>\n<tr>\n<td valign=\"top\" width=\"15%\"><a href=\"https:\/\/drjesse.com\/wp-content\/uploads\/2013\/06\/spanish-small.jpg\"><img loading=\"lazy\" decoding=\"async\" class=\"alignnone size-full wp-image-225\" src=\"https:\/\/drjesse.com\/wp-content\/uploads\/2013\/06\/spanish-small.jpg\" alt=\"spanish--small\" width=\"100\" height=\"136\" \/><\/a><\/td>\n<td valign=\"top\" width=\"85%\"><a href=\"http:\/\/www.amazon.com\/Anestesia-Bolsillo-Spanish-Richard-Urman\/dp\/8496921743\" target=\"_blank\">Anestesia de Bolsillo<\/a>Esta obra en formato de bolsillo ofrece a residentes, m\u00e9dicos y personal auxiliar la informaci\u00f3n necesaria para el tratamiento de la mayor\u00eda de<\/td>\n<\/tr>\n<\/tbody>\n<\/table>\n<hr size=\"1\" \/>\n<table border=\"0\" width=\"100%\" cellspacing=\"0\" cellpadding=\"5\">\n<tbody>\n<tr>\n<td valign=\"top\" width=\"15%\"><a href=\"https:\/\/drjesse.com\/wp-content\/uploads\/2013\/06\/student-survival-guide-small.jpg\"><img loading=\"lazy\" decoding=\"async\" class=\"alignnone size-full wp-image-204\" src=\"https:\/\/drjesse.com\/wp-content\/uploads\/2013\/06\/student-survival-guide-small.jpg\" alt=\"student-survival-guide-small\" width=\"100\" height=\"136\" \/><\/a><\/td>\n<td valign=\"top\" width=\"85%\"><a href=\"http:\/\/www.amazon.com\/Anesthesia-Student-Survival-Guide-Case-Based\/dp\/0387097082\/ref=sr_1_1?s=books&amp;ie=UTF8&amp;qid=1310533139&amp;sr=1-1\" target=\"_blank\">Anesthesia Student Survival Guide: A Case-Based Approach<\/a>An indispensable intro to the specialty ideal for all types of students<\/td>\n<\/tr>\n<\/tbody>\n<\/table>\n<hr size=\"1\" \/>\n<table border=\"0\" width=\"100%\" cellspacing=\"0\" cellpadding=\"5\">\n<tbody>\n<tr>\n<td valign=\"top\" width=\"15%\"><a href=\"https:\/\/drjesse.com\/wp-content\/uploads\/2013\/06\/anesthetic-equipment-small.jpg\"><img loading=\"lazy\" decoding=\"async\" class=\"alignnone size-full wp-image-203\" src=\"https:\/\/drjesse.com\/wp-content\/uploads\/2013\/06\/anesthetic-equipment-small.jpg\" alt=\"anesthetic-equipment-small\" width=\"100\" height=\"136\" \/><\/a><\/td>\n<td valign=\"top\" width=\"85%\"><a href=\"http:\/\/www.amazon.com\/MGH-Textbook-Anesthetic-Equipment-Consult\/dp\/1437709737\/ref=sr_1_1?s=books&amp;ie=UTF8&amp;qid=1310533165&amp;sr=1-1\" target=\"_blank\">The MGH Textbook of Anesthetic Equipment<\/a>A one-stop, full-color reference, with expert coverage of the latest and best anesthetic equipment<\/td>\n<\/tr>\n<\/tbody>\n<\/table>\n<hr size=\"1\" \/>\n<table border=\"0\" width=\"100%\" cellspacing=\"0\" cellpadding=\"5\">\n<tbody>\n<tr>\n<td valign=\"top\" width=\"15%\"><a href=\"https:\/\/drjesse.com\/wp-content\/uploads\/2013\/06\/board-review-small1.jpg\"><img loading=\"lazy\" decoding=\"async\" class=\"alignnone size-full wp-image-228\" src=\"https:\/\/drjesse.com\/wp-content\/uploads\/2013\/06\/board-review-small1.jpg\" alt=\"board-review--small\" width=\"100\" height=\"136\" \/><\/a><\/td>\n<td valign=\"top\" width=\"85%\"><a href=\"http:\/\/www.amazon.com\/Anesthesiology-Comprehensive-Review-Written-Recertification\/dp\/0199733856\" target=\"_blank\">Anesthesiology: A Comprehensive Review for the Written Boards and Recertification<\/a>A high-yield, streamlined study aid containing more than 1000 multiple-choice questions<\/td>\n<\/tr>\n<\/tbody>\n<\/table>\n<hr size=\"1\" \/>\n<table border=\"0\" width=\"100%\" cellspacing=\"0\" cellpadding=\"5\">\n<tbody>\n<tr>\n<td valign=\"top\" width=\"15%\"><a href=\"https:\/\/drjesse.com\/wp-content\/uploads\/2013\/06\/anesthesiology-flashcards-small.jpg\"><img loading=\"lazy\" decoding=\"async\" class=\"alignnone size-full wp-image-229\" src=\"https:\/\/drjesse.com\/wp-content\/uploads\/2013\/06\/anesthesiology-flashcards-small.jpg\" alt=\"anesthesiology-flashcards--small\" width=\"100\" height=\"136\" \/><\/a><\/td>\n<td valign=\"top\" width=\"85%\"><a href=\"http:\/\/www.amazon.com\/Morgan-Mikhails-Clinical-Anesthesiology-Flashcards\/dp\/0071797947\/ref=sr_1_4?s=books&amp;ie=UTF8&amp;qid=1371070193&amp;sr=1-4\" target=\"_blank\">Morgan &amp; Mikhail&#8217;s Clinical Anesthesiology Flashcards<\/a>A high-yield study guide and review of the best-selling anesthesia text, Morgan &amp; Mikhail&#8217;s Clinical Anesthesiology<\/td>\n<\/tr>\n<\/tbody>\n<\/table>\n<hr size=\"1\" \/>\n","protected":false},"excerpt":{"rendered":"<p>Why Write Textbooks in the Digital Age? Although textbooks and the publishing industry have undergone a rapid transformation in the past decade, there is still a need for concise and accurate information that clinicians can rely on when making decisions about how to care for the patients in front of them. Dr. Jesse Ehrenfeld has contributed to the medical speciality&nbsp;<a href=\"https:\/\/drjesse.com\/index.php\/textbooks\/\" class=\"read-more\">Continue Reading<\/a><\/p>\n","protected":false},"author":1,"featured_media":0,"parent":0,"menu_order":7,"comment_status":"open","ping_status":"closed","template":"page-fullwidth.php","meta":{"om_disable_all_campaigns":false,"_monsterinsights_skip_tracking":false,"_monsterinsights_sitenote_active":false,"_monsterinsights_sitenote_note":"","_monsterinsights_sitenote_category":0,"footnotes":""},"aioseo_notices":[],"_links":{"self":[{"href":"https:\/\/drjesse.com\/index.php\/wp-json\/wp\/v2\/pages\/23"}],"collection":[{"href":"https:\/\/drjesse.com\/index.php\/wp-json\/wp\/v2\/pages"}],"about":[{"href":"https:\/\/drjesse.com\/index.php\/wp-json\/wp\/v2\/types\/page"}],"author":[{"embeddable":true,"href":"https:\/\/drjesse.com\/index.php\/wp-json\/wp\/v2\/users\/1"}],"replies":[{"embeddable":true,"href":"https:\/\/drjesse.com\/index.php\/wp-json\/wp\/v2\/comments?post=23"}],"version-history":[{"count":48,"href":"https:\/\/drjesse.com\/index.php\/wp-json\/wp\/v2\/pages\/23\/revisions"}],"predecessor-version":[{"id":101,"href":"https:\/\/drjesse.com\/index.php\/wp-json\/wp\/v2\/pages\/23\/revisions\/101"}],"wp:attachment":[{"href":"https:\/\/drjesse.com\/index.php\/wp-json\/wp\/v2\/media?parent=23"}],"curies":[{"name":"wp","href":"https:\/\/api.w.org\/{rel}","templated":true}]}}